{"id":101,"date":"2024-01-08T00:05:47","date_gmt":"2024-01-07T23:05:47","guid":{"rendered":"http:\/\/colectivovidaindependiente.org\/cvi\/?page_id=101"},"modified":"2024-01-11T06:57:38","modified_gmt":"2024-01-11T05:57:38","slug":"quienes-somos","status":"publish","type":"page","link":"https:\/\/colectivovidaindependiente.org\/cvi\/index.php\/quienes-somos\/","title":{"rendered":"Qui\u00e9nes somos"},"content":{"rendered":"\n<div class=\"wp-block-columns alignfull is-layout-flex wp-container-core-columns-is-layout-2 wp-block-columns-is-layout-flex\">\n<div class=\"wp-block-column is-layout-flow wp-block-column-is-layout-flow\" style=\"flex-basis:50%\">\n<div class=\"wp-block-cover is-light\" style=\"min-height:600px;aspect-ratio:unset;\"><span aria-hidden=\"true\" class=\"wp-block-cover__background has-background-dim-100 has-background-dim\" style=\"background-color:#f6f6f6\"><\/span><div class=\"wp-block-cover__inner-container is-layout-flow wp-block-cover-is-layout-flow\">\n<figure class=\"wp-block-image aligncenter size-medium is-resized\"><img fetchpriority=\"high\" decoding=\"async\" width=\"300\" height=\"180\" src=\"http:\/\/colectivovidaindependiente.org\/cvi\/wp-content\/uploads\/2024\/01\/Collage-antiguo-300x180.jpg\" alt=\"Collage fotos de los inicios del colectivo\" class=\"wp-image-237\" style=\"width:349px;height:auto\" srcset=\"https:\/\/colectivovidaindependiente.org\/cvi\/wp-content\/uploads\/2024\/01\/Collage-antiguo-300x180.jpg 300w, https:\/\/colectivovidaindependiente.org\/cvi\/wp-content\/uploads\/2024\/01\/Collage-antiguo.jpg 375w\" sizes=\"(max-width: 300px) 100vw, 300px\" \/><figcaption class=\"wp-element-caption\">Inicios del colectivo<\/figcaption><\/figure>\n\n\n\n<figure class=\"wp-block-image aligncenter size-medium is-resized\"><img decoding=\"async\" width=\"300\" height=\"274\" src=\"http:\/\/colectivovidaindependiente.org\/cvi\/wp-content\/uploads\/2024\/01\/colectivofundadores-300x274.jpg\" alt=\"Fotogracia de miembros del colectivo\" class=\"wp-image-241\" style=\"width:353px;height:auto\" srcset=\"https:\/\/colectivovidaindependiente.org\/cvi\/wp-content\/uploads\/2024\/01\/colectivofundadores-300x274.jpg 300w, https:\/\/colectivovidaindependiente.org\/cvi\/wp-content\/uploads\/2024\/01\/colectivofundadores.jpg 387w\" sizes=\"(max-width: 300px) 100vw, 300px\" \/><figcaption class=\"wp-element-caption\">Miembros del colectivo<\/figcaption><\/figure>\n<\/div><\/div>\n<\/div>\n\n\n\n<div class=\"wp-block-column is-vertically-aligned-center is-layout-flow wp-block-column-is-layout-flow\" style=\"padding-top:1em;padding-right:1em;padding-bottom:1em;padding-left:1em\">\n<div class=\"wp-block-columns is-layout-flex wp-container-core-columns-is-layout-1 wp-block-columns-is-layout-flex\">\n<div class=\"wp-block-column has-normal-font-size is-layout-flow wp-block-column-is-layout-flow\" style=\"flex-basis:320px\">\n<p class=\"has-large-font-size\" style=\"line-height:1.6\"><strong>Qui\u00e9nes somos<\/strong><\/p>\n\n\n\n<p>El Colectivo Vida Independiente de Guatemala nace en el 2004 como un grupo de personas preocupadas por mejorar la calidad de vida y la inclusi\u00f3n de las personas con discapacidad.<\/p>\n\n\n\n<p>Se especializa en la incidencia pol\u00edtica, para lo cual investiga, genera conocimiento y brinda formaci\u00f3n a organizaciones del movimiento a favor de los derechos de las personas con discapacidad, del que es parte.<\/p>\n\n\n\n<p>Con m\u00e1s de veinte a\u00f1os de trayectoria, el Colectivo se ha posicionado como una entidad referente y de consulta en el impulso de acciones orientadas a la eliminaci\u00f3n de estructuras de exclusi\u00f3n en Guatemala.<\/p>\n<\/div>\n<\/div>\n<\/div>\n<\/div>\n\n\n\n<p><\/p>\n","protected":false},"excerpt":{"rendered":"<p>Qui\u00e9nes somos El Colectivo Vida Independiente de Guatemala nace en el 2004 como un grupo de personas preocupadas por mejorar la calidad de vida y la inclusi\u00f3n de las personas con discapacidad. Se especializa en la incidencia pol\u00edtica, para lo cual investiga, genera conocimiento y brinda formaci\u00f3n a organizaciones del movimiento a favor de los [&hellip;]<\/p>\n","protected":false},"author":1,"featured_media":0,"parent":0,"menu_order":0,"comment_status":"closed","ping_status":"closed","template":"","meta":{"footnotes":""},"_links":{"self":[{"href":"https:\/\/colectivovidaindependiente.org\/cvi\/index.php\/wp-json\/wp\/v2\/pages\/101"}],"collection":[{"href":"https:\/\/colectivovidaindependiente.org\/cvi\/index.php\/wp-json\/wp\/v2\/pages"}],"about":[{"href":"https:\/\/colectivovidaindependiente.org\/cvi\/index.php\/wp-json\/wp\/v2\/types\/page"}],"author":[{"embeddable":true,"href":"https:\/\/colectivovidaindependiente.org\/cvi\/index.php\/wp-json\/wp\/v2\/users\/1"}],"replies":[{"embeddable":true,"href":"https:\/\/colectivovidaindependiente.org\/cvi\/index.php\/wp-json\/wp\/v2\/comments?post=101"}],"version-history":[{"count":35,"href":"https:\/\/colectivovidaindependiente.org\/cvi\/index.php\/wp-json\/wp\/v2\/pages\/101\/revisions"}],"predecessor-version":[{"id":322,"href":"https:\/\/colectivovidaindependiente.org\/cvi\/index.php\/wp-json\/wp\/v2\/pages\/101\/revisions\/322"}],"wp:attachment":[{"href":"https:\/\/colectivovidaindependiente.org\/cvi\/index.php\/wp-json\/wp\/v2\/media?parent=101"}],"curies":[{"name":"wp","href":"https:\/\/api.w.org\/{rel}","templated":true}]}}