{"id":424,"date":"2024-04-29T17:49:23","date_gmt":"2024-04-29T15:49:23","guid":{"rendered":"https:\/\/colectivovidaindependiente.org\/cvi\/?page_id=424"},"modified":"2024-09-29T00:22:25","modified_gmt":"2024-09-28T22:22:25","slug":"publicaciones","status":"publish","type":"page","link":"https:\/\/colectivovidaindependiente.org\/cvi\/index.php\/publicaciones\/","title":{"rendered":"Noticias"},"content":{"rendered":"\n<p class=\"has-ti-bg-alt-background-color has-background\">Noticias<\/p>\n\n\n\n<p class=\"has-white-color has-vivid-cyan-blue-background-color has-text-color has-background has-link-color wp-elements-29d49314bc622d87d892d1353d80dfef\">Celebramos nuestros primeros 20 a\u00f1os<\/p>\n\n\n\n<p>En compa\u00f1ia de aliadas\/os, migos y amigas, celebrebamos nuestros primeros 20 a\u00f1os<\/p>\n\n\n\n<p>Con una actividad llena de emociones, buenos recuerdos y un firme compromiso por seguir en pro de los derechos humanos de las personas con discapacidad. <\/p>\n\n\n\n<div class=\"wp-block-columns is-layout-flex wp-container-core-columns-is-layout-1 wp-block-columns-is-layout-flex\">\n<div class=\"wp-block-column is-layout-flow wp-block-column-is-layout-flow\">\n<figure class=\"wp-block-image size-large is-resized\"><img fetchpriority=\"high\" decoding=\"async\" width=\"1024\" height=\"770\" src=\"http:\/\/colectivovidaindependiente.org\/cvi\/wp-content\/uploads\/2024\/09\/WhatsApp-Image-2024-09-27-at-6.23.36-PM-1-1024x770.jpeg\" alt=\"Fotograf\u00eda vista dede el fondo hacia el frente del salon con las personas que nos mientras se desarrolla el conversatorio\" class=\"wp-image-548\" style=\"width:439px;height:auto\" srcset=\"https:\/\/colectivovidaindependiente.org\/cvi\/wp-content\/uploads\/2024\/09\/WhatsApp-Image-2024-09-27-at-6.23.36-PM-1-1024x770.jpeg 1024w, https:\/\/colectivovidaindependiente.org\/cvi\/wp-content\/uploads\/2024\/09\/WhatsApp-Image-2024-09-27-at-6.23.36-PM-1-300x226.jpeg 300w, https:\/\/colectivovidaindependiente.org\/cvi\/wp-content\/uploads\/2024\/09\/WhatsApp-Image-2024-09-27-at-6.23.36-PM-1-768x578.jpeg 768w, https:\/\/colectivovidaindependiente.org\/cvi\/wp-content\/uploads\/2024\/09\/WhatsApp-Image-2024-09-27-at-6.23.36-PM-1.jpeg 1280w\" sizes=\"(max-width: 1024px) 100vw, 1024px\" \/><figcaption class=\"wp-element-caption\">20 aniversario conversatorio<\/figcaption><\/figure>\n<\/div>\n\n\n\n<div class=\"wp-block-column is-layout-flow wp-block-column-is-layout-flow\">\n<figure class=\"wp-block-image size-large is-resized\"><img decoding=\"async\" width=\"1024\" height=\"770\" src=\"http:\/\/colectivovidaindependiente.org\/cvi\/wp-content\/uploads\/2024\/09\/WhatsApp-Image-2024-09-27-at-6.23.37-PM-1024x770.jpeg\" alt=\"Fotograf\u00eda vista dede el fondo hacia el frente del salon con las personas que nos mientras se desarrolla el conversatorio\" class=\"wp-image-549\" style=\"width:442px;height:auto\" srcset=\"https:\/\/colectivovidaindependiente.org\/cvi\/wp-content\/uploads\/2024\/09\/WhatsApp-Image-2024-09-27-at-6.23.37-PM-1024x770.jpeg 1024w, https:\/\/colectivovidaindependiente.org\/cvi\/wp-content\/uploads\/2024\/09\/WhatsApp-Image-2024-09-27-at-6.23.37-PM-300x226.jpeg 300w, https:\/\/colectivovidaindependiente.org\/cvi\/wp-content\/uploads\/2024\/09\/WhatsApp-Image-2024-09-27-at-6.23.37-PM-768x578.jpeg 768w, https:\/\/colectivovidaindependiente.org\/cvi\/wp-content\/uploads\/2024\/09\/WhatsApp-Image-2024-09-27-at-6.23.37-PM.jpeg 1280w\" sizes=\"(max-width: 1024px) 100vw, 1024px\" \/><figcaption class=\"wp-element-caption\">Conversatorio 20 aniversario<\/figcaption><\/figure>\n<\/div>\n<\/div>\n\n\n\n<figure class=\"wp-block-image aligncenter size-large\"><img decoding=\"async\" width=\"1024\" height=\"808\" src=\"http:\/\/colectivovidaindependiente.org\/cvi\/wp-content\/uploads\/2024\/09\/WhatsApp-Image-2024-09-27-at-6.23.36-PM-1024x808.jpeg\" alt=\"Foto grupal de compa\u00f1eras y compa\u00f1eros del colectivo que pudieron asistir al evento\" class=\"wp-image-550\" srcset=\"https:\/\/colectivovidaindependiente.org\/cvi\/wp-content\/uploads\/2024\/09\/WhatsApp-Image-2024-09-27-at-6.23.36-PM-1024x808.jpeg 1024w, https:\/\/colectivovidaindependiente.org\/cvi\/wp-content\/uploads\/2024\/09\/WhatsApp-Image-2024-09-27-at-6.23.36-PM-300x237.jpeg 300w, https:\/\/colectivovidaindependiente.org\/cvi\/wp-content\/uploads\/2024\/09\/WhatsApp-Image-2024-09-27-at-6.23.36-PM-768x606.jpeg 768w, https:\/\/colectivovidaindependiente.org\/cvi\/wp-content\/uploads\/2024\/09\/WhatsApp-Image-2024-09-27-at-6.23.36-PM.jpeg 1280w\" sizes=\"(max-width: 1024px) 100vw, 1024px\" \/><figcaption class=\"wp-element-caption\">Grupo de El Colectivo<\/figcaption><\/figure>\n\n\n\n<p class=\"has-ti-bg-alt-background-color has-background\">\u00abCausa Nacional con y por Personas con Discapacidad\u00bb<\/p>\n\n\n\n<div class=\"wp-block-group is-nowrap is-layout-flex wp-container-core-group-is-layout-1 wp-block-group-is-layout-flex\">\n<figure class=\"wp-block-image size-large is-resized\"><a href=\"https:\/\/colectivovidaindependiente.org\/cvi\/index.php\/galeria\/\"><img loading=\"lazy\" decoding=\"async\" width=\"768\" height=\"1024\" src=\"https:\/\/colectivovidaindependiente.org\/cvi\/wp-content\/uploads\/2024\/07\/WhatsApp-Image-2024-07-26-at-6.33.33-AM-1-768x1024.jpeg\" alt=\"\" class=\"wp-image-525\" style=\"aspect-ratio:1;object-fit:contain;width:488px;height:auto\" srcset=\"https:\/\/colectivovidaindependiente.org\/cvi\/wp-content\/uploads\/2024\/07\/WhatsApp-Image-2024-07-26-at-6.33.33-AM-1-768x1024.jpeg 768w, https:\/\/colectivovidaindependiente.org\/cvi\/wp-content\/uploads\/2024\/07\/WhatsApp-Image-2024-07-26-at-6.33.33-AM-1-225x300.jpeg 225w, https:\/\/colectivovidaindependiente.org\/cvi\/wp-content\/uploads\/2024\/07\/WhatsApp-Image-2024-07-26-at-6.33.33-AM-1-1152x1536.jpeg 1152w, https:\/\/colectivovidaindependiente.org\/cvi\/wp-content\/uploads\/2024\/07\/WhatsApp-Image-2024-07-26-at-6.33.33-AM-1.jpeg 1200w\" sizes=\"(max-width: 768px) 100vw, 768px\" \/><\/a><\/figure>\n\n\n\n<p>Con un enfoque innovador, la \u00abCausa Nacional con y por Personas con Discapacidad\u00bb reuni\u00f3 el viernes 19 de julio a l\u00edderes de opini\u00f3n y representantes de la sociedad civil. Impulsada por la primera dama, Dra. Lucrecia Peinado, esta iniciativa abord\u00f3 temas clave como:<\/p>\n<\/div>\n\n\n\n<ul>\n<li>Presentaci\u00f3n del reglamento de la Ley de Certificaci\u00f3n Biopsicosocial de las personas con discapacidad (MSPAS)<\/li>\n\n\n\n<li>Iniciativa de Ley 5125 (Comisi\u00f3n de Asuntos Sobre Discapacidad)<\/li>\n\n\n\n<li>Recopilaci\u00f3n de informaci\u00f3n para fortalecimiento de documento base<\/li>\n<\/ul>\n","protected":false},"excerpt":{"rendered":"<p>Noticias Celebramos nuestros primeros 20 a\u00f1os En compa\u00f1ia de aliadas\/os, migos y amigas, celebrebamos nuestros primeros 20 a\u00f1os Con una actividad llena de emociones, buenos recuerdos y un firme compromiso por seguir en pro de los derechos humanos de las personas con discapacidad. \u00abCausa Nacional con y por Personas con Discapacidad\u00bb Con un enfoque innovador, [&hellip;]<\/p>\n","protected":false},"author":1,"featured_media":0,"parent":0,"menu_order":0,"comment_status":"closed","ping_status":"closed","template":"","meta":{"footnotes":""},"_links":{"self":[{"href":"https:\/\/colectivovidaindependiente.org\/cvi\/index.php\/wp-json\/wp\/v2\/pages\/424"}],"collection":[{"href":"https:\/\/colectivovidaindependiente.org\/cvi\/index.php\/wp-json\/wp\/v2\/pages"}],"about":[{"href":"https:\/\/colectivovidaindependiente.org\/cvi\/index.php\/wp-json\/wp\/v2\/types\/page"}],"author":[{"embeddable":true,"href":"https:\/\/colectivovidaindependiente.org\/cvi\/index.php\/wp-json\/wp\/v2\/users\/1"}],"replies":[{"embeddable":true,"href":"https:\/\/colectivovidaindependiente.org\/cvi\/index.php\/wp-json\/wp\/v2\/comments?post=424"}],"version-history":[{"count":15,"href":"https:\/\/colectivovidaindependiente.org\/cvi\/index.php\/wp-json\/wp\/v2\/pages\/424\/revisions"}],"predecessor-version":[{"id":551,"href":"https:\/\/colectivovidaindependiente.org\/cvi\/index.php\/wp-json\/wp\/v2\/pages\/424\/revisions\/551"}],"wp:attachment":[{"href":"https:\/\/colectivovidaindependiente.org\/cvi\/index.php\/wp-json\/wp\/v2\/media?parent=424"}],"curies":[{"name":"wp","href":"https:\/\/api.w.org\/{rel}","templated":true}]}}