{"id":567,"date":"2026-05-02T01:46:23","date_gmt":"2026-05-01T23:46:23","guid":{"rendered":"https:\/\/colectivovidaindependiente.org\/cvi\/?page_id=567"},"modified":"2026-05-04T00:20:08","modified_gmt":"2026-05-03T22:20:08","slug":"publicaciones-2","status":"publish","type":"page","link":"https:\/\/colectivovidaindependiente.org\/cvi\/index.php\/publicaciones-2\/","title":{"rendered":"Publicaciones"},"content":{"rendered":"\n<div class=\"wp-block-group has-background is-vertical is-content-justification-center is-layout-flex wp-container-core-group-is-layout-1 wp-block-group-is-layout-flex\" style=\"background:linear-gradient(135deg,rgb(74,234,220) 9%,rgb(151,120,209) 28%,rgb(207,42,186) 44%,rgb(238,44,130) 58%,rgb(251,105,98) 77%,rgb(254,248,76) 95%)\">\n<p class=\"has-text-align-center\" style=\"font-size:clamp(21.027px, 1.314rem + ((1vw - 3.2px) * 0.821), 34px);\">PUBLICACIONES <\/p>\n\n\n\n<p>Este es un espacio para conocer, con total transparencia, lo que hacemos y c\u00f3mo impactan nuestros proyectos en la vida de las personas. Aqu\u00ed encuentras documentos oficiales, reportes, historias y recursos pr\u00e1cticos.<\/p>\n<\/div>\n\n\n\n<hr class=\"wp-block-separator has-alpha-channel-opacity\"\/>\n\n\n\n<p>Videos<\/p>\n\n\n\n<ul>\n<li><a href=\"https:\/\/youtu.be\/2kcEpr1Z1us?si=SFxgTxsYly7nV2cS\">20 Hitos<\/a><\/li>\n<\/ul>\n\n\n\n<hr class=\"wp-block-separator has-alpha-channel-opacity\"\/>\n\n\n\n<p>Comic \u201cSuper Chica\u201d<\/p>\n\n\n\n<ul>\n<li><a href=\"https:\/\/drive.google.com\/file\/d\/1hEL7Si18gR5tmK9UEqgEmRMZPPt0yzOP\/view?usp=sharing\">Super Chica Capitulo 1<\/a><\/li>\n\n\n\n<li><a href=\"https:\/\/drive.google.com\/file\/d\/1JhN6sw9RHvcTwQGFTJIg5ZRpY_fW2qmd\/view?usp=sharing\">Super Chica Capitulo 2<\/a><\/li>\n\n\n\n<li><a href=\"https:\/\/drive.google.com\/file\/d\/1_ptvBkdk7jW6Bn5L7QosMWEMu_LIM54l\/view?usp=sharing\">Super Chica Capitulo 3<\/a><\/li>\n\n\n\n<li><a href=\"https:\/\/drive.google.com\/file\/d\/1QmgPtiETa4v_wSbRvEFjRvHIXqWP7xjd\/view?usp=sharing\">Super Chica Capitulo 4<\/a><\/li>\n<\/ul>\n\n\n\n<hr class=\"wp-block-separator has-alpha-channel-opacity\"\/>\n\n\n\n<p>Publicaciones<\/p>\n\n\n\n<ul>\n<li><a href=\"https:\/\/drive.google.com\/file\/d\/1liaj-LJPPZp970QK8DerGpmMXIFoBL5E\/view?usp=sharing\">Gu\u00eda para la prevenci\u00f3n y eliminaci\u00f3n de la violencia en contra de las mujeres y ni\u00f1as con discapacidad<\/a><\/li>\n\n\n\n<li><a href=\"https:\/\/drive.google.com\/file\/d\/13cnWmARqYuFQuA9_ZYUq_L3hd5NylWEE\/view?usp=sharing\">Diccionario sobre los derechos de las mujeres con Discapacidad<\/a><\/li>\n\n\n\n<li><a href=\"https:\/\/drive.google.com\/file\/d\/1PUlGM-opsCEbTy_ouS1tBQ7yjhpVN4_f\/view?usp=sharing\">Gu\u00eda para Defensores y Defensoras de Derechos de las Personas con Discapacidad<\/a><\/li>\n\n\n\n<li><a href=\"https:\/\/drive.google.com\/file\/d\/1ouCkabIDsDWe8uvzKfyIPUjvTpG_60w7\/view?usp=sharing\">El Colectivo promueve acciones legales \u00abHabeas -Corpus\u00bb<\/a><\/li>\n\n\n\n<li><a href=\"https:\/\/drive.google.com\/file\/d\/1ub1U170Go_8R3_l3KITcL2d4mztCb8Kc\/view?usp=sharing\">An\u00e1lisis de la Iniciativa 5494<\/a><\/li>\n\n\n\n<li><a href=\"https:\/\/drive.google.com\/file\/d\/1ZRGJq_vZrdJ0z0lBGidVdRD9x_0MCOeB\/view?usp=sharing\">Iniciativa 5494<\/a><\/li>\n\n\n\n<li><a href=\"https:\/\/drive.google.com\/file\/d\/1Mnz9z4TB2_AEi-mfpqFqicMlNG04yBO1\/view?usp=sharing\">Referencia Historica de \u00abEl Colectivo\u00bb<\/a><\/li>\n\n\n\n<li><a href=\"https:\/\/docs.google.com\/presentation\/d\/1tldNFDT4stbxZhMtJJpTdQRYtq-90dhQ\/edit?usp=sharing&amp;ouid=116762679935992334475&amp;rtpof=true&amp;sd=true\">Presentaci\u00f3n de \u00abEl Colectivo\u00bb<\/a><\/li>\n\n\n\n<li><a href=\"https:\/\/drive.google.com\/file\/d\/1I_VGEc9N6CW6UMrVC5XB4jNS_uZARhdt\/view?usp=sharing\">Una Guatemala Accesible es Posible 2010<\/a><\/li>\n\n\n\n<li><a href=\"https:\/\/drive.google.com\/file\/d\/1Ty_DXDQcAgBKnpDEC4LY4PxWcgQ5V8bi\/view?usp=sharing\">Impacto en Procesos Formativos_2011<\/a><\/li>\n\n\n\n<li><a href=\"https:\/\/drive.google.com\/file\/d\/1WkSqgaYwV0WOI05GYDn3T6tuc8V6Eenf\/view?usp=sharing\">Informe Final Auditoriasocial 2016<\/a><\/li>\n\n\n\n<li><a href=\"https:\/\/drive.google.com\/file\/d\/1HxLJIl0sa7y0Ir_UJrdsZu9CpThPnF07\/view?usp=sharing\">Rutas de Implementaci\u00f3n Sistema Penal 2018<\/a><\/li>\n\n\n\n<li><a href=\"https:\/\/drive.google.com\/file\/d\/1P6OMpOSuo4hhM66pC0V1jJJPXzdqnbHg\/view?usp=sharing\">Revista Parlamentaria Diciembre 2020<\/a><\/li>\n\n\n\n<li><a href=\"https:\/\/drive.google.com\/file\/d\/1W2kZansi-rxZb1ux09SvneE4bXoS8UGn\/view?usp=sharing\">Diagnostico acceso a la Justicia<\/a><\/li>\n\n\n\n<li><a href=\"https:\/\/drive.google.com\/file\/d\/1dTeFUYgQ9B-CfTAfF_0r5t8YYR6Yf2zx\/view?usp=sharing\">Informe Colectivo &#8211; Audiencia Tem\u00e1tica<\/a><\/li>\n<\/ul>\n\n\n\n<hr class=\"wp-block-separator has-alpha-channel-opacity\"\/>\n\n\n\n<p>Transparencia<\/p>\n\n\n\n<ul>\n<li><a href=\"https:\/\/drive.google.com\/file\/d\/196ju4lWkp82BIYiQWM2w_nXFyX_XsnlB\/view?usp=sharing\">Estatutos de \u201cEl Colectivo\u201d<\/a><\/li>\n<\/ul>\n","protected":false},"excerpt":{"rendered":"<p>PUBLICACIONES Este es un espacio para conocer, con total transparencia, lo que hacemos y c\u00f3mo impactan nuestros proyectos en la vida de las personas. Aqu\u00ed encuentras documentos oficiales, reportes, historias y recursos pr\u00e1cticos. Videos Comic \u201cSuper Chica\u201d Publicaciones Transparencia<\/p>\n","protected":false},"author":1,"featured_media":0,"parent":0,"menu_order":0,"comment_status":"closed","ping_status":"closed","template":"","meta":{"footnotes":""},"_links":{"self":[{"href":"https:\/\/colectivovidaindependiente.org\/cvi\/index.php\/wp-json\/wp\/v2\/pages\/567"}],"collection":[{"href":"https:\/\/colectivovidaindependiente.org\/cvi\/index.php\/wp-json\/wp\/v2\/pages"}],"about":[{"href":"https:\/\/colectivovidaindependiente.org\/cvi\/index.php\/wp-json\/wp\/v2\/types\/page"}],"author":[{"embeddable":true,"href":"https:\/\/colectivovidaindependiente.org\/cvi\/index.php\/wp-json\/wp\/v2\/users\/1"}],"replies":[{"embeddable":true,"href":"https:\/\/colectivovidaindependiente.org\/cvi\/index.php\/wp-json\/wp\/v2\/comments?post=567"}],"version-history":[{"count":6,"href":"https:\/\/colectivovidaindependiente.org\/cvi\/index.php\/wp-json\/wp\/v2\/pages\/567\/revisions"}],"predecessor-version":[{"id":574,"href":"https:\/\/colectivovidaindependiente.org\/cvi\/index.php\/wp-json\/wp\/v2\/pages\/567\/revisions\/574"}],"wp:attachment":[{"href":"https:\/\/colectivovidaindependiente.org\/cvi\/index.php\/wp-json\/wp\/v2\/media?parent=567"}],"curies":[{"name":"wp","href":"https:\/\/api.w.org\/{rel}","templated":true}]}}